{"id":170,"date":"2020-04-25T06:09:33","date_gmt":"2020-04-25T08:09:33","guid":{"rendered":"http:\/\/vanagine.lt\/?page_id=170"},"modified":"2023-05-29T08:58:34","modified_gmt":"2023-05-29T10:58:34","slug":"kontaktai","status":"publish","type":"page","link":"https:\/\/vanagine.lt\/en\/kontaktai\/","title":{"rendered":"Contacts"},"content":{"rendered":"\n<div style=\"max-width:100%;overflow:hidden;color:red;width:550px;height:300px;\"><div id=\"g-mapdisplay\" style=\"height:100%; width:100%;max-width:100%;\"><iframe style=\"height:100%;width:100%;border:0;\" frameborder=\"0\" src=\"https:\/\/www.google.com\/maps\/embed\/v1\/place?q=Pra\u0161i\u0161ki\u0173+gatv\u0117+53,+Vilnius,+Vilnius+City+Municipality,+Lithuania&#038;key=AIzaSyBFw0Qbyq9zTFTd-tUY6dZWTgaQzuU17R8\"><\/iframe><\/div><a class=\"googlecoder\" href=\"https:\/\/www.bootstrapskins.com\/themes\" id=\"auth-map-data\">premium bootstrap themes<\/a><style>#g-mapdisplay .text-marker{}.map-generator{max-width: 100%; max-height: 100%; background: none;<\/style><\/div>\n\n<p><strong>\u017d\u016aB \u201cVanagin\u0117\u201d<\/strong><br>Company code 286075760<br>Pra\u0161i\u0161ki\u0173 53, Vilnius district.<br>Rieses sen. Vanagine LT-14259<br>Work hours: I-V 08:00 &#8211; 17:00<br>Tel. 8 5 2469119, 8 5 2469503<br>Mob. +37068786572<br>E-mail. info@vanagine.lt vanagine.nuoma@gmail.com<\/p>\n","protected":false},"excerpt":{"rendered":"<p>premium bootstrap themes \u017d\u016aB \u201cVanagin\u0117\u201dCompany code 286075760Pra\u0161i\u0161ki\u0173 53, Vilnius district.Rieses sen. Vanagine LT-14259Work hours: I-V 08:00 &#8211; 17:00Tel. 8 5 2469119, 8 5 2469503Mob. +37068786572E-mail. info@vanagine.lt vanagine.nuoma@gmail.com<\/p>\n","protected":false},"author":1,"featured_media":0,"parent":0,"menu_order":0,"comment_status":"closed","ping_status":"closed","template":"","meta":{"footnotes":""},"translation":{"provider":"WPGlobus","version":"2.12.2","language":"en","enabled_languages":["lt","en","ru"],"languages":{"lt":{"title":true,"content":true,"excerpt":false},"en":{"title":true,"content":true,"excerpt":false},"ru":{"title":true,"content":true,"excerpt":false}}},"_links":{"self":[{"href":"https:\/\/vanagine.lt\/en\/wp-json\/wp\/v2\/pages\/170"}],"collection":[{"href":"https:\/\/vanagine.lt\/en\/wp-json\/wp\/v2\/pages"}],"about":[{"href":"https:\/\/vanagine.lt\/en\/wp-json\/wp\/v2\/types\/page"}],"author":[{"embeddable":true,"href":"https:\/\/vanagine.lt\/en\/wp-json\/wp\/v2\/users\/1"}],"replies":[{"embeddable":true,"href":"https:\/\/vanagine.lt\/en\/wp-json\/wp\/v2\/comments?post=170"}],"version-history":[{"count":8,"href":"https:\/\/vanagine.lt\/en\/wp-json\/wp\/v2\/pages\/170\/revisions"}],"predecessor-version":[{"id":217,"href":"https:\/\/vanagine.lt\/en\/wp-json\/wp\/v2\/pages\/170\/revisions\/217"}],"wp:attachment":[{"href":"https:\/\/vanagine.lt\/en\/wp-json\/wp\/v2\/media?parent=170"}],"curies":[{"name":"wp","href":"https:\/\/api.w.org\/{rel}","templated":true}]}}