{"id":193,"date":"2022-04-20T13:02:18","date_gmt":"2022-04-20T15:02:18","guid":{"rendered":"http:\/\/vanagine.lt\/?page_id=193"},"modified":"2023-05-29T06:35:07","modified_gmt":"2023-05-29T08:35:07","slug":"naujienos","status":"publish","type":"page","link":"https:\/\/vanagine.lt\/en\/naujienos\/","title":{"rendered":"Naujienos"},"content":{"rendered":"\n<p><strong>Informacinis prane\u0161imas<\/strong><\/p>\n\n\n\n<p>Apie visuotinio Bendrov\u0117s nari\u0173 susirinkimo su\u0161aukim\u0105 2023 m. bir\u017eelio 15 d.<br><br>Prane\u0161ame, kad\u00a0<strong>2023 m. bir\u017eelio 15 d. 12:30 val.\u00a0<\/strong>\u017d\u016aB &#8220;Vanagin\u0117&#8221; (juridinio asmens kodas 286075760, buvein\u0117s adresas adresas Pra\u0161i\u0161ki\u0173 51, Vanagin\u0117s k., LT-14332 Vilniaus r., toliau &#8211; Bendrov\u0117) \u0161aukiamas eilinis visuotinis Bendrov\u0117s nari\u0173 susirinkimas. Susirinkimas vyks nuotoliniu b\u016bdu, per ZOOM vaizdo pokalbi\u0173 virtual\u0173 kambar\u012f.<br><br>Susirinkimo dienotvark\u0117:<br>1. Bendrov\u0117s metinis prane\u0161imas\u00a0 apie 2022 m. veikl\u0105<br>2. Auditoriaus i\u0161vada apie Bendrov\u0117s finansin\u0119 atskaitomyb\u0119 ir metin\u012f prane\u0161im\u0105.<br>3. 2022 m. Bendrov\u0117s finansini\u0173 ataskait\u0173 tvirtinimas.<\/p>\n","protected":false},"excerpt":{"rendered":"<p>Informacinis prane\u0161imas Apie visuotinio Bendrov\u0117s nari\u0173 susirinkimo su\u0161aukim\u0105 2023 m. bir\u017eelio 15 d. Prane\u0161ame, kad\u00a02023 m. bir\u017eelio 15 d. 12:30 val.\u00a0\u017d\u016aB &#8220;Vanagin\u0117&#8221; (juridinio asmens kodas 286075760, buvein\u0117s adresas adresas Pra\u0161i\u0161ki\u0173 51, Vanagin\u0117s k., LT-14332 Vilniaus r., toliau &#8211; Bendrov\u0117) \u0161aukiamas eilinis visuotinis Bendrov\u0117s nari\u0173 susirinkimas. Susirinkimas vyks nuotoliniu b\u016bdu, per ZOOM vaizdo pokalbi\u0173 virtual\u0173 kambar\u012f. [&hellip;]<\/p>\n","protected":false},"author":1,"featured_media":0,"parent":0,"menu_order":0,"comment_status":"closed","ping_status":"closed","template":"","meta":{"footnotes":""},"translation":{"provider":"WPGlobus","version":"2.12.2","language":"en","enabled_languages":["lt","en","ru"],"languages":{"lt":{"title":true,"content":true,"excerpt":false},"en":{"title":false,"content":false,"excerpt":false},"ru":{"title":false,"content":false,"excerpt":false}}},"_links":{"self":[{"href":"https:\/\/vanagine.lt\/en\/wp-json\/wp\/v2\/pages\/193"}],"collection":[{"href":"https:\/\/vanagine.lt\/en\/wp-json\/wp\/v2\/pages"}],"about":[{"href":"https:\/\/vanagine.lt\/en\/wp-json\/wp\/v2\/types\/page"}],"author":[{"embeddable":true,"href":"https:\/\/vanagine.lt\/en\/wp-json\/wp\/v2\/users\/1"}],"replies":[{"embeddable":true,"href":"https:\/\/vanagine.lt\/en\/wp-json\/wp\/v2\/comments?post=193"}],"version-history":[{"count":2,"href":"https:\/\/vanagine.lt\/en\/wp-json\/wp\/v2\/pages\/193\/revisions"}],"predecessor-version":[{"id":205,"href":"https:\/\/vanagine.lt\/en\/wp-json\/wp\/v2\/pages\/193\/revisions\/205"}],"wp:attachment":[{"href":"https:\/\/vanagine.lt\/en\/wp-json\/wp\/v2\/media?parent=193"}],"curies":[{"name":"wp","href":"https:\/\/api.w.org\/{rel}","templated":true}]}}