{"id":5,"date":"2020-04-18T06:32:18","date_gmt":"2020-04-18T08:32:18","guid":{"rendered":"http:\/\/vanagine.lt\/?page_id=5"},"modified":"2020-08-18T12:56:56","modified_gmt":"2020-08-18T14:56:56","slug":"pradinis","status":"publish","type":"page","link":"https:\/\/vanagine.lt\/en\/","title":{"rendered":"Rental of industrial and commercial premises"},"content":{"rendered":"\n<div class=\"wp-block-columns is-layout-flex wp-container-core-columns-layout-1 wp-block-columns-is-layout-flex\">\n<div class=\"wp-block-column is-layout-flow wp-block-column-is-layout-flow\">\n<figure class=\"wp-block-embed-youtube aligncenter wp-block-embed is-type-video is-provider-youtube wp-embed-aspect-16-9 wp-has-aspect-ratio wp-max-width\"><div class=\"wp-block-embed__wrapper\">\n<iframe loading=\"lazy\" title=\"Vanagin\u0117 nuo vandens bok\u0161to \/ Panorama of Vanagine\" width=\"580\" height=\"326\" src=\"https:\/\/www.youtube.com\/embed\/NoLeFYAii10?feature=oembed\" frameborder=\"0\" allow=\"accelerometer; autoplay; encrypted-media; gyroscope; picture-in-picture\" allowfullscreen><\/iframe>\n<\/div><\/figure>\n<\/div>\n\n\n\n<div class=\"wp-block-column is-layout-flow wp-block-column-is-layout-flow\">\n<h4 class=\"youtube-top wp-block-heading\">We create the most favorable rental opportunities for our customers<\/h4>\n\n\n\n<p>The buildings are adapted to the needs of the tenants according to the specific needs of the tenant. Convenient connection to the city center, developed infrastructure allows you to successfully develop your and our businesses.<\/p>\n<\/div>\n<\/div>\n\n\n\n<div class=\"wp-block-buttons is-layout-flex wp-block-buttons-is-layout-flex\">\n<div class=\"wp-block-button\"><a class=\"wp-block-button__link\" href=\"\/en\/category\/rental\/\">view current premises<\/a><\/div>\n<\/div>\n\n\n\n<h4 class=\"wp-block-heading\">We are worth choosing because:<\/h4>\n\n\n\n<ul><li>we offer comfortable accommodation at an affordable price; <\/li><li>The Vanagine complex is conveniently located in the city;<\/li><li>the territory is fenced, guarded, equipped with modern video recording equipment.<\/li><\/ul>\n\n\n\n<div class=\"wp-block-columns is-layout-flex wp-container-core-columns-layout-2 wp-block-columns-is-layout-flex\">\n<div class=\"wp-block-column is-layout-flow wp-block-column-is-layout-flow\">\n<h4 class=\"wp-block-heading\">About us<\/h4>\n\n\n\n<p><strong>\u017d\u016aB Vanagin\u0117<\/strong> is located on the 11th kilometer of Mol\u0117tai highway, i.e. between Santari\u0161k\u0117s and Rie\u0161\u0117. The main activity of the company is the rental of premises for various purposes. The total area of the company&#8217;s storage, production and <strong>office premises is more than 20,000 sq.<\/strong> M. m. The company has two power substations, its own water supply system, sewerage connected to the city networks and a natural gas pipeline. The area of the complex is fenced, lighted and protected. A modern video surveillance system is installed in the territory.<\/p>\n<\/div>\n\n\n\n<div class=\"wp-block-column is-layout-flow wp-block-column-is-layout-flow\">\n<h4 class=\"wp-block-heading\">Contacts<\/h4>\n\n\n\n<p><strong>\u017d\u016aB \u201cVanagin\u0117\u201d<\/strong><br>Company code 286075760<br>Pra\u0161i\u0161ki\u0173 53, Vilnius district.<br>Rieses sen. Vanagine LT-14259<br>Work hours: I-V 08:00 &#8211; 17:00<br>Tel. 8 5 2469119, 8 5 2469503<br>Mob. +37068786572<br>E-mail. info@vanagine.lt vanagine.nuoma@gmail.com<\/p>\n<\/div>\n<\/div>\n","protected":false},"excerpt":{"rendered":"<p>We create the most favorable rental opportunities for our customers The buildings are adapted to the needs of the tenants according to the specific needs of the tenant. Convenient connection to the city center, developed infrastructure allows you to successfully develop your and our businesses. We are worth choosing because: we offer comfortable accommodation at [&hellip;]<\/p>\n","protected":false},"author":1,"featured_media":0,"parent":0,"menu_order":0,"comment_status":"closed","ping_status":"closed","template":"","meta":{"footnotes":""},"translation":{"provider":"WPGlobus","version":"2.12.2","language":"en","enabled_languages":["lt","en","ru"],"languages":{"lt":{"title":true,"content":true,"excerpt":false},"en":{"title":true,"content":true,"excerpt":false},"ru":{"title":true,"content":true,"excerpt":false}}},"_links":{"self":[{"href":"https:\/\/vanagine.lt\/en\/wp-json\/wp\/v2\/pages\/5"}],"collection":[{"href":"https:\/\/vanagine.lt\/en\/wp-json\/wp\/v2\/pages"}],"about":[{"href":"https:\/\/vanagine.lt\/en\/wp-json\/wp\/v2\/types\/page"}],"author":[{"embeddable":true,"href":"https:\/\/vanagine.lt\/en\/wp-json\/wp\/v2\/users\/1"}],"replies":[{"embeddable":true,"href":"https:\/\/vanagine.lt\/en\/wp-json\/wp\/v2\/comments?post=5"}],"version-history":[{"count":31,"href":"https:\/\/vanagine.lt\/en\/wp-json\/wp\/v2\/pages\/5\/revisions"}],"predecessor-version":[{"id":191,"href":"https:\/\/vanagine.lt\/en\/wp-json\/wp\/v2\/pages\/5\/revisions\/191"}],"wp:attachment":[{"href":"https:\/\/vanagine.lt\/en\/wp-json\/wp\/v2\/media?parent=5"}],"curies":[{"name":"wp","href":"https:\/\/api.w.org\/{rel}","templated":true}]}}