{"id":170,"date":"2020-04-25T06:09:33","date_gmt":"2020-04-25T08:09:33","guid":{"rendered":"http:\/\/vanagine.lt\/?page_id=170"},"modified":"2023-05-29T08:58:34","modified_gmt":"2023-05-29T10:58:34","slug":"kontaktai","status":"publish","type":"page","link":"https:\/\/vanagine.lt\/ru\/kontaktai\/","title":{"rendered":"\u041a\u043e\u043d\u0442\u0430\u043a\u0442\u044b"},"content":{"rendered":"\n<div style=\"max-width:100%;overflow:hidden;color:red;width:550px;height:300px;\"><div id=\"g-mapdisplay\" style=\"height:100%; width:100%;max-width:100%;\"><iframe style=\"height:100%;width:100%;border:0;\" frameborder=\"0\" src=\"https:\/\/www.google.com\/maps\/embed\/v1\/place?q=Pra\u0161i\u0161ki\u0173+gatv\u0117+53,+Vilnius,+Vilnius+City+Municipality,+Lithuania&#038;key=AIzaSyBFw0Qbyq9zTFTd-tUY6dZWTgaQzuU17R8\"><\/iframe><\/div><a class=\"googlecoder\" href=\"https:\/\/www.bootstrapskins.com\/themes\" id=\"auth-map-data\">premium bootstrap themes<\/a><style>#g-mapdisplay .text-marker{}.map-generator{max-width: 100%; max-height: 100%; background: none;<\/style><\/div>\n\n<p><strong><strong>\u017d\u016aB \u201cVanagin\u0117\u201d<\/strong><br><\/strong>\u041a\u043e\u0434 \u043f\u0440\u0435\u0434\u043f\u0440\u0438\u044f\u0442\u0438\u044f: 286075760<br>Pra\u0161i\u0161ki\u0173 53, Vilniaus raj. Rie\u0161\u0117s sen. Vanagin\u0117s k. LT-14259<br>\u0412\u0440\u0435\u043c\u044f \u0440\u0430\u0431\u043e\u0442\u044b: I-V \u0441 08:00 &#8212; 17:00<br>\u0422\u0435\u043b. 8 5 2469119, 8 5 2469503<br>\u041c\u043e\u0431. +37061420250<br>\u042d\u043b. \u043f\u043e\u0447\u0442\u0430: info@vanagine.lt<br>vanagine.nuoma@gmail.com<\/p>\n","protected":false},"excerpt":{"rendered":"<p>premium bootstrap themes \u017d\u016aB \u201cVanagin\u0117\u201d\u041a\u043e\u0434 \u043f\u0440\u0435\u0434\u043f\u0440\u0438\u044f\u0442\u0438\u044f: 286075760Pra\u0161i\u0161ki\u0173 53, Vilniaus raj. Rie\u0161\u0117s sen. Vanagin\u0117s k. LT-14259\u0412\u0440\u0435\u043c\u044f \u0440\u0430\u0431\u043e\u0442\u044b: I-V \u0441 08:00 &#8212; 17:00\u0422\u0435\u043b. 8 5 2469119, 8 5 2469503\u041c\u043e\u0431. +37061420250\u042d\u043b. \u043f\u043e\u0447\u0442\u0430: info@vanagine.ltvanagine.nuoma@gmail.com<\/p>\n","protected":false},"author":1,"featured_media":0,"parent":0,"menu_order":0,"comment_status":"closed","ping_status":"closed","template":"","meta":{"footnotes":""},"translation":{"provider":"WPGlobus","version":"2.12.2","language":"ru","enabled_languages":["lt","en","ru"],"languages":{"lt":{"title":true,"content":true,"excerpt":false},"en":{"title":true,"content":true,"excerpt":false},"ru":{"title":true,"content":true,"excerpt":false}}},"_links":{"self":[{"href":"https:\/\/vanagine.lt\/ru\/wp-json\/wp\/v2\/pages\/170"}],"collection":[{"href":"https:\/\/vanagine.lt\/ru\/wp-json\/wp\/v2\/pages"}],"about":[{"href":"https:\/\/vanagine.lt\/ru\/wp-json\/wp\/v2\/types\/page"}],"author":[{"embeddable":true,"href":"https:\/\/vanagine.lt\/ru\/wp-json\/wp\/v2\/users\/1"}],"replies":[{"embeddable":true,"href":"https:\/\/vanagine.lt\/ru\/wp-json\/wp\/v2\/comments?post=170"}],"version-history":[{"count":8,"href":"https:\/\/vanagine.lt\/ru\/wp-json\/wp\/v2\/pages\/170\/revisions"}],"predecessor-version":[{"id":217,"href":"https:\/\/vanagine.lt\/ru\/wp-json\/wp\/v2\/pages\/170\/revisions\/217"}],"wp:attachment":[{"href":"https:\/\/vanagine.lt\/ru\/wp-json\/wp\/v2\/media?parent=170"}],"curies":[{"name":"wp","href":"https:\/\/api.w.org\/{rel}","templated":true}]}}