{"id":5,"date":"2020-04-18T06:32:18","date_gmt":"2020-04-18T08:32:18","guid":{"rendered":"http:\/\/vanagine.lt\/?page_id=5"},"modified":"2020-08-18T12:56:56","modified_gmt":"2020-08-18T14:56:56","slug":"pradinis","status":"publish","type":"page","link":"https:\/\/vanagine.lt\/ru\/","title":{"rendered":"\u0410\u0440\u0435\u043d\u0434\u0430 \u043f\u0440\u043e\u0438\u0437\u0432\u043e\u0434\u0441\u0442\u0432\u0435\u043d\u043d\u044b\u0445 \u0438 \u043a\u043e\u043c\u043c\u0435\u0440\u0447\u0435\u0441\u043a\u0438\u0445 \u043f\u043e\u043c\u0435\u0449\u0435\u043d\u0438\u0439"},"content":{"rendered":"\n<div class=\"wp-block-columns is-layout-flex wp-container-core-columns-layout-1 wp-block-columns-is-layout-flex\">\n<div class=\"wp-block-column is-layout-flow wp-block-column-is-layout-flow\">\n<figure class=\"wp-block-embed-youtube aligncenter wp-block-embed is-type-video is-provider-youtube wp-embed-aspect-16-9 wp-has-aspect-ratio wp-max-width\"><div class=\"wp-block-embed__wrapper\">\n<iframe loading=\"lazy\" title=\"Vanagin\u0117 nuo vandens bok\u0161to \/ Panorama of Vanagine\" width=\"580\" height=\"326\" src=\"https:\/\/www.youtube.com\/embed\/NoLeFYAii10?feature=oembed\" frameborder=\"0\" allow=\"accelerometer; autoplay; encrypted-media; gyroscope; picture-in-picture\" allowfullscreen><\/iframe>\n<\/div><\/figure>\n<\/div>\n\n\n\n<div class=\"wp-block-column is-layout-flow wp-block-column-is-layout-flow\">\n<h4 class=\"youtube-top wp-block-heading\">M\u044b \u0441\u043e\u0437\u0434\u0430\u0435\u043c \u0441\u0430\u043c\u044b\u0435 \u043f\u0440\u0438\u0432\u043b\u0435\u043a\u0430\u0442\u0435\u043b\u044c\u043d\u044b\u0435 \u0443\u0441\u043b\u043e\u0432\u0438\u044f \u0434\u043b\u044f \u0432\u0432\u0435\u0434\u0435\u043d\u0438\u044f \u0443\u0441\u043f\u0435\u0448\u043d\u043e\u0439 \u043f\u0440\u0435\u0434\u043f\u0440\u0438\u043d\u0438\u043c\u0430\u0442\u0435\u043b\u044c\u0441\u043a\u043e\u0439 \u0434\u0435\u044f\u0442\u0435\u043b\u044c\u043d\u043e\u0441\u0442\u0438.<\/h4>\n\n\n\n<p>\u041f\u043e\u043c\u0435\u0449\u0435\u043d\u0438\u044f, \u0441 \u0443\u0447\u0435\u0442\u043e\u043c \u043d\u0443\u0436\u0434 \u0430\u0440\u0435\u043d\u0434\u0430\u0442\u043e\u0440\u0430, \u201c\u0412\u0430\u043d\u0430\u0433\u0438\u043d\u0435\u201d \u043c\u043e\u0436\u0435\u0442 \u043f\u0440\u0438\u0441\u043f\u043e\u0441\u043e\u0431\u0438\u0442\u044c \u0438\u043d\u0434\u0438\u0432\u0438\u0434\u0443\u0430\u043b\u044c\u043d\u043e. \u0423 \u0430\u0440\u0435\u043d\u0434\u0430\u0442\u043e\u0440\u0430 \u0435\u0441\u0442\u044c \u0432\u043e\u0437\u043c\u043e\u0436\u043d\u043e\u0441\u0442\u044c \u0441\u0430\u043c\u043e\u043c\u0443 \u043e\u0441\u043d\u0430\u0441\u0442\u0438\u0442\u044c \u043f\u043e\u043c\u0435\u0449\u0435\u043d\u0438\u044f \u0441 \u0443\u0447\u0435\u0442\u043e\u043c \u0441\u0432\u043e\u0438\u0445 \u043d\u0443\u0436\u0434 \u0438 \u0437\u0430 \u0441\u0447\u0435\u0442 \u0431\u0443\u0434\u0443\u0449\u0438\u0445 \u0440\u0430\u0441\u0445\u043e\u0434\u043e\u0432 \u0437\u0430 \u0430\u0440\u0435\u043d\u0434\u0443. \u0423\u0434\u043e\u0431\u043d\u043e\u0435 \u0440\u0430\u0441\u043f\u043e\u043b\u043e\u0436\u0435\u043d\u0438\u0435 \u043a\u043e\u043c\u043f\u043b\u0435\u043a\u0441\u0430, \u0431\u043b\u0438\u0437\u043e\u0441\u0442\u044c \u043a \u0446\u0435\u043d\u0442\u0440\u0443 \u0433\u043e\u0440\u043e\u0434\u0430, \u0440\u0430\u0437\u0432\u0438\u0442\u0430\u044f \u0438\u043d\u0444\u0440\u0430\u0441\u0442\u0440\u0443\u043a\u0442\u0443\u0440\u0430 \u0441\u043e\u0437\u0434\u0430\u0435\u0442 \u0432\u043e\u0437\u043c\u043e\u0436\u043d\u043e\u0441\u0442\u044c \u0443\u0441\u043f\u0435\u0448\u043d\u043e \u0432\u0435\u0441\u0442\u0438 \u0432\u0430\u0448\u0443 \u0438 \u043d\u0430\u0448\u0443 \u043f\u0440\u0435\u0434\u043f\u0440\u0438\u043d\u0438\u043c\u0430\u0442\u0435\u043b\u044c\u0441\u043a\u0443\u044e \u0434\u0435\u044f\u0442\u0435\u043b\u044c\u043d\u043e\u0441\u0442\u044c.<\/p>\n<\/div>\n<\/div>\n\n\n\n<div class=\"wp-block-buttons is-layout-flex wp-block-buttons-is-layout-flex\">\n<div class=\"wp-block-button\"><a class=\"wp-block-button__link\" href=\"\/ru\/category\/rental\/\" rel=\"http:\/\/www.vanagine.lt\/ru\/rental\/\">\u041f\u043e\u0441\u043c\u043e\u0442\u0440\u0435\u0442\u044c \u0432\u0430\u043a\u0430\u043d\u0442\u043d\u044b\u0435 \u043f\u043b\u043e\u0449\u0430\u0434\u0438<\/a><\/div>\n<\/div>\n\n\n\n<h4 class=\"wp-block-heading\">\u041d\u0430\u0441 \u0432\u044b\u0431\u0438\u0440\u0430\u044e\u0442, \u043f\u043e\u0442\u043e\u043c\u0443 \u0447\u0442\u043e:<\/h4>\n\n\n\n<ul><li>\u043c\u044b \u043f\u0440\u0435\u0434\u043b\u0430\u0433\u0430\u0435\u043c \u0443\u0434\u043e\u0431\u043d\u044b\u0435 \u043f\u043e\u043c\u0435\u0449\u0435\u043d\u0438\u044f \u043f\u043e \u0434\u043e\u0441\u0442\u0443\u043f\u043d\u043e\u0439 \u0446\u0435\u043d\u0435;<\/li><li>\u043a\u043e\u043c\u043f\u043b\u0435\u043a\u0441 \u201c\u0412\u0430\u043d\u0430\u0433\u0438\u043d\u0435\u201d \u0440\u0430\u0441\u043f\u043e\u043b\u043e\u0436\u0435\u043d \u0432 \u0443\u0434\u043e\u0431\u043d\u043e\u0439 \u0447\u0430\u0441\u0442\u0438 \u0433\u043e\u0440\u043e\u0434\u0430;<\/li><li>\u0442\u0435\u0440\u0440\u0438\u0442\u043e\u0440\u0438\u044f \u043a\u043e\u043c\u043f\u043b\u0435\u043a\u0441\u0430 \u043e\u0433\u043e\u0440\u043e\u0436\u0435\u043d\u0430, \u043a\u0440\u0443\u0433\u043b\u043e\u0441\u0443\u0442\u043e\u0447\u043d\u043e \u043e\u0445\u0440\u0430\u043d\u044f\u0435\u0442\u0441\u044f, \u0443\u0441\u0442\u0430\u043d\u043e\u0432\u043b\u0435\u043d\u0430 \u0441\u0438\u0441\u0442\u0435\u043c\u0430 \u0432\u0438\u0434\u0435\u043e\u043d\u0430\u0431\u043b\u044e\u0434\u0435\u043d\u0438\u044f.<\/li><\/ul>\n\n\n\n<div class=\"wp-block-columns is-layout-flex wp-container-core-columns-layout-2 wp-block-columns-is-layout-flex\">\n<div class=\"wp-block-column is-layout-flow wp-block-column-is-layout-flow\">\n<h4 class=\"wp-block-heading\">\u041e \u043d\u0430\u0441<\/h4>\n\n\n\n<p>\u041f\u0440\u043e\u0438\u0437\u0432\u043e\u0434\u0441\u0442\u0432\u0435\u043d\u043d\u043e-\u0441\u043a\u043b\u0430\u0434\u0441\u043a\u043e\u0439 \u043a\u043e\u043c\u043f\u043b\u0435\u043a\u0441 <strong>\u0416\u0423\u0411 \u201c\u0412\u0430\u043d\u0430\u0433\u0438\u043d\u0435\u201d <\/strong>\u0440\u0430\u0441\u043f\u043e\u043b\u043e\u0436\u0435\u043d \u0432 11-\u043e\u043c \u043a\u0438\u043b\u0438\u043c\u0435\u0442\u0440\u0435 \u041c\u043e\u043b\u0435\u0442\u0441\u043a\u043e\u0439 \u0430\u0432\u0442\u043e\u0434\u043e\u0440\u043e\u0433\u0438, \u0442.\u0435. \u043c\u0435\u0436\u0434\u0443 \u0440\u0430\u0439\u043e\u043d\u0430\u043c\u0438 \u0421\u0430\u043d\u0442\u0430\u0440\u0438\u0448\u043a\u0435\u0441 \u0438 \u0420\u0438\u0435\u0448\u0435. \u041e\u0441\u043d\u043e\u0432\u043d\u0430\u044f \u0434\u0435\u044f\u0442\u0435\u043b\u044c\u043d\u043e\u0441\u0442\u044c \u043a\u043e\u043c\u043f\u0430\u043d\u0438\u0438 \u2013 \u0430\u0440\u0435\u043d\u0434\u0430 \u043a\u043e\u043c\u043c\u0435\u0440\u0447\u0435\u0441\u043a\u043e\u0439 \u043d\u0435\u0434\u0432\u0438\u0436\u0438\u043c\u043e\u0441\u0442\u0438. \u041e\u0431\u0449\u0430\u044f \u043f\u043b\u043e\u0449\u0430\u0434\u044c \u0432\u0441\u0435\u0445 \u043e\u0444\u0438\u0441\u043d\u043e-\u0441\u043a\u043b\u0430\u0434\u0441\u043a\u0438\u0445 \u0438 \u043f\u0440\u043e\u0438\u0437\u0432\u043e\u0434\u0441\u0442\u0432\u0435\u043d\u043d\u043e-\u0441\u043a\u043b\u0430\u0434\u0441\u043a\u0438\u0445 \u043f\u043e\u043c\u0435\u0449\u0435\u043d\u0438\u0439 \u043a\u043e\u043c\u043f\u043b\u0435\u043a\u0441\u0430 \u0441\u043e\u0441\u0442\u0430\u0432\u043b\u044f\u0435\u0442 \u0431\u043e\u043b\u0435\u0435 20 000 \u043a\u0432\u0430\u0434\u0440\u0430\u0442\u043d\u044b\u0445 \u043c\u0435\u0442\u0440\u043e\u0432. \u041a\u043e\u043c\u043f\u0430\u043d\u0438\u044f \u043e\u0431\u043b\u0430\u0434\u0430\u0435\u0442 \u0434\u0432\u0443\u043c\u044f \u044d\u043b\u0435\u043a\u0442\u0440\u0438\u0447\u0435\u0441\u043a\u0438\u043c\u0438 \u043f\u043e\u0434\u0441\u0442\u0430\u043d\u0446\u0438\u044f\u043c\u0438, \u0441\u0432\u043e\u0435\u0439 \u0441\u0438\u0441\u0442\u0435\u043c\u043e\u0439 \u0432\u043e\u0434\u043e\u0441\u043d\u0430\u0431\u0436\u0435\u043d\u0438\u044f, \u0433\u043e\u0440\u043e\u0434\u0441\u043a\u043e\u0439 \u043a\u0430\u043d\u0430\u043b\u0438\u0437\u0430\u0446\u0438\u043e\u043d\u043d\u043e\u0439 \u0441\u0438\u0441\u0442\u0435\u043c\u043e\u0439 \u0438 \u043f\u0440\u0438\u0440\u043e\u0434\u043d\u044b\u043c \u0433\u0430\u0437\u043e\u043f\u0440\u043e\u0432\u043e\u0434\u043e\u043c. \u041f\u043b\u043e\u0449\u0430\u0434\u044c \u043a\u043e\u043c\u043f\u043b\u0435\u043a\u0441\u0430 \u043e\u0433\u043e\u0440\u043e\u0436\u0435\u043d\u0430, \u043e\u0441\u0432\u0435\u0449\u0435\u043d\u0430 \u0438 \u043e\u0445\u0440\u0430\u043d\u044f\u0435\u043c\u0430\u044f. \u041d\u0430 \u0442\u0435\u0440\u0440\u0438\u0442\u043e\u0440\u0438\u0438 \u0432\u0435\u0434\u0435\u0442\u0441\u044f \u043a\u0440\u0443\u0433\u043b\u043e\u0441\u0443\u0442\u043e\u0447\u043d\u043e\u0435 \u0432\u0438\u0434\u0435\u043e\u043d\u0430\u0431\u043b\u044e\u0434\u0435\u043d\u0438\u0435.<\/p>\n<\/div>\n\n\n\n<div class=\"wp-block-column is-layout-flow wp-block-column-is-layout-flow\">\n<h4 class=\"wp-block-heading\">\u041a\u043e\u043d\u0442\u0430\u043a\u0442\u044b<\/h4>\n\n\n\n<p><strong><strong>\u017d\u016aB \u201cVanagin\u0117\u201d<\/strong><br><\/strong>\u041a\u043e\u0434 \u043f\u0440\u0435\u0434\u043f\u0440\u0438\u044f\u0442\u0438\u044f: 286075760<br>Pra\u0161i\u0161ki\u0173 53, Vilniaus raj. Rie\u0161\u0117s sen. Vanagin\u0117s k. LT-14259<br>\u0412\u0440\u0435\u043c\u044f \u0440\u0430\u0431\u043e\u0442\u044b: I-V \u0441 08:00 &#8212; 17:00<br>\u0422\u0435\u043b. 8 5 2469119, 8 5 2469503<br>\u041c\u043e\u0431. 868786572<br>\u042d\u043b. \u043f\u043e\u0447\u0442\u0430: info@vanagine.lt<br>vanagine.nuoma@gmail.com<\/p>\n<\/div>\n<\/div>\n","protected":false},"excerpt":{"rendered":"<p>M\u044b \u0441\u043e\u0437\u0434\u0430\u0435\u043c \u0441\u0430\u043c\u044b\u0435 \u043f\u0440\u0438\u0432\u043b\u0435\u043a\u0430\u0442\u0435\u043b\u044c\u043d\u044b\u0435 \u0443\u0441\u043b\u043e\u0432\u0438\u044f \u0434\u043b\u044f \u0432\u0432\u0435\u0434\u0435\u043d\u0438\u044f \u0443\u0441\u043f\u0435\u0448\u043d\u043e\u0439 \u043f\u0440\u0435\u0434\u043f\u0440\u0438\u043d\u0438\u043c\u0430\u0442\u0435\u043b\u044c\u0441\u043a\u043e\u0439 \u0434\u0435\u044f\u0442\u0435\u043b\u044c\u043d\u043e\u0441\u0442\u0438. \u041f\u043e\u043c\u0435\u0449\u0435\u043d\u0438\u044f, \u0441 \u0443\u0447\u0435\u0442\u043e\u043c \u043d\u0443\u0436\u0434 \u0430\u0440\u0435\u043d\u0434\u0430\u0442\u043e\u0440\u0430, \u201c\u0412\u0430\u043d\u0430\u0433\u0438\u043d\u0435\u201d \u043c\u043e\u0436\u0435\u0442 \u043f\u0440\u0438\u0441\u043f\u043e\u0441\u043e\u0431\u0438\u0442\u044c \u0438\u043d\u0434\u0438\u0432\u0438\u0434\u0443\u0430\u043b\u044c\u043d\u043e. \u0423 \u0430\u0440\u0435\u043d\u0434\u0430\u0442\u043e\u0440\u0430 \u0435\u0441\u0442\u044c \u0432\u043e\u0437\u043c\u043e\u0436\u043d\u043e\u0441\u0442\u044c \u0441\u0430\u043c\u043e\u043c\u0443 \u043e\u0441\u043d\u0430\u0441\u0442\u0438\u0442\u044c \u043f\u043e\u043c\u0435\u0449\u0435\u043d\u0438\u044f \u0441 \u0443\u0447\u0435\u0442\u043e\u043c \u0441\u0432\u043e\u0438\u0445 \u043d\u0443\u0436\u0434 \u0438 \u0437\u0430 \u0441\u0447\u0435\u0442 \u0431\u0443\u0434\u0443\u0449\u0438\u0445 \u0440\u0430\u0441\u0445\u043e\u0434\u043e\u0432 \u0437\u0430 \u0430\u0440\u0435\u043d\u0434\u0443. \u0423\u0434\u043e\u0431\u043d\u043e\u0435 \u0440\u0430\u0441\u043f\u043e\u043b\u043e\u0436\u0435\u043d\u0438\u0435 \u043a\u043e\u043c\u043f\u043b\u0435\u043a\u0441\u0430, \u0431\u043b\u0438\u0437\u043e\u0441\u0442\u044c \u043a \u0446\u0435\u043d\u0442\u0440\u0443 \u0433\u043e\u0440\u043e\u0434\u0430, \u0440\u0430\u0437\u0432\u0438\u0442\u0430\u044f \u0438\u043d\u0444\u0440\u0430\u0441\u0442\u0440\u0443\u043a\u0442\u0443\u0440\u0430 \u0441\u043e\u0437\u0434\u0430\u0435\u0442 \u0432\u043e\u0437\u043c\u043e\u0436\u043d\u043e\u0441\u0442\u044c \u0443\u0441\u043f\u0435\u0448\u043d\u043e \u0432\u0435\u0441\u0442\u0438 \u0432\u0430\u0448\u0443 \u0438 \u043d\u0430\u0448\u0443 \u043f\u0440\u0435\u0434\u043f\u0440\u0438\u043d\u0438\u043c\u0430\u0442\u0435\u043b\u044c\u0441\u043a\u0443\u044e \u0434\u0435\u044f\u0442\u0435\u043b\u044c\u043d\u043e\u0441\u0442\u044c. [&hellip;]<\/p>\n","protected":false},"author":1,"featured_media":0,"parent":0,"menu_order":0,"comment_status":"closed","ping_status":"closed","template":"","meta":{"footnotes":""},"translation":{"provider":"WPGlobus","version":"2.12.2","language":"ru","enabled_languages":["lt","en","ru"],"languages":{"lt":{"title":true,"content":true,"excerpt":false},"en":{"title":true,"content":true,"excerpt":false},"ru":{"title":true,"content":true,"excerpt":false}}},"_links":{"self":[{"href":"https:\/\/vanagine.lt\/ru\/wp-json\/wp\/v2\/pages\/5"}],"collection":[{"href":"https:\/\/vanagine.lt\/ru\/wp-json\/wp\/v2\/pages"}],"about":[{"href":"https:\/\/vanagine.lt\/ru\/wp-json\/wp\/v2\/types\/page"}],"author":[{"embeddable":true,"href":"https:\/\/vanagine.lt\/ru\/wp-json\/wp\/v2\/users\/1"}],"replies":[{"embeddable":true,"href":"https:\/\/vanagine.lt\/ru\/wp-json\/wp\/v2\/comments?post=5"}],"version-history":[{"count":31,"href":"https:\/\/vanagine.lt\/ru\/wp-json\/wp\/v2\/pages\/5\/revisions"}],"predecessor-version":[{"id":191,"href":"https:\/\/vanagine.lt\/ru\/wp-json\/wp\/v2\/pages\/5\/revisions\/191"}],"wp:attachment":[{"href":"https:\/\/vanagine.lt\/ru\/wp-json\/wp\/v2\/media?parent=5"}],"curies":[{"name":"wp","href":"https:\/\/api.w.org\/{rel}","templated":true}]}}